
{"id":28,"date":"2010-08-31T13:15:39","date_gmt":"2010-08-31T13:15:39","guid":{"rendered":"http:\/\/genfrei-augsburg.de\/"},"modified":"2024-01-02T11:08:29","modified_gmt":"2024-01-02T11:08:29","slug":"impressum","status":"publish","type":"page","link":"https:\/\/genfrei-augsburg.de\/wordpress\/impressum\/","title":{"rendered":"Impressum"},"content":{"rendered":"<h2>Angaben gem\u00e4\u00df \u00a7 5 TMG:<\/h2>\n<p>Andrea Eiter<br \/>\nNeidhartstr. 29 1\/2<br \/>\n86159 Augsburg<\/p>\n<h2>Kontakt:<\/h2>\n<p>Telefon: 0170-9913463<br \/>\nE-Mail: andrea.eiter@abl-ev.de<\/p>\n<h2>Haftungsausschluss<\/h2>\n<p>Die Website der genfrei-augsburg.de wurden sorgf\u00e4ltig zusammengestellt und gepr\u00fcft, jedoch \u00fcbernimmt das B\u00fcndnis f\u00fcr eine gentechnikfreie Region Augsburg keine Gew\u00e4hr f\u00fcr die Aktualit\u00e4t, Richtigkeit, Vollst\u00e4ndigkeit oder Qualit\u00e4t der Informationen auf diesen Seiten.<\/p>\n<h2>Haftung f\u00fcr Links<\/h2>\n<p>Die Website genfrei-augsburg.de enth\u00e4lt auch Links oder Verweise auf andere Websites. F\u00fcr die Inhalte der verlinkten Seiten sind ausschlie\u00dflich ihre Betreiber verantwortlich und wir distanzieren uns ausdr\u00fccklich von den Inhalten aller per Link angebotenen Seiten und machen uns diese nicht zu eigen.<\/p>\n","protected":false},"excerpt":{"rendered":"<p>Angaben gem\u00e4\u00df \u00a7 5 TMG: Andrea Eiter Neidhartstr. 29 1\/2 86159 Augsburg Kontakt: Telefon: 0170-9913463 E-Mail: andrea.eiter@abl-ev.de Haftungsausschluss Die Website der genfrei-augsburg.de wurden sorgf\u00e4ltig zusammengestellt und gepr\u00fcft, jedoch \u00fcbernimmt das B\u00fcndnis f\u00fcr eine gentechnikfreie Region Augsburg keine Gew\u00e4hr f\u00fcr die Aktualit\u00e4t, Richtigkeit, Vollst\u00e4ndigkeit oder Qualit\u00e4t der Informationen auf diesen Seiten. Haftung f\u00fcr Links Die Website [&hellip;]<\/p>\n","protected":false},"author":1,"featured_media":0,"parent":0,"menu_order":0,"comment_status":"open","ping_status":"open","template":"","meta":{"footnotes":""},"class_list":["post-28","page","type-page","status-publish","hentry"],"_links":{"self":[{"href":"https:\/\/genfrei-augsburg.de\/wordpress\/wp-json\/wp\/v2\/pages\/28","targetHints":{"allow":["GET"]}}],"collection":[{"href":"https:\/\/genfrei-augsburg.de\/wordpress\/wp-json\/wp\/v2\/pages"}],"about":[{"href":"https:\/\/genfrei-augsburg.de\/wordpress\/wp-json\/wp\/v2\/types\/page"}],"author":[{"embeddable":true,"href":"https:\/\/genfrei-augsburg.de\/wordpress\/wp-json\/wp\/v2\/users\/1"}],"replies":[{"embeddable":true,"href":"https:\/\/genfrei-augsburg.de\/wordpress\/wp-json\/wp\/v2\/comments?post=28"}],"version-history":[{"count":10,"href":"https:\/\/genfrei-augsburg.de\/wordpress\/wp-json\/wp\/v2\/pages\/28\/revisions"}],"predecessor-version":[{"id":537,"href":"https:\/\/genfrei-augsburg.de\/wordpress\/wp-json\/wp\/v2\/pages\/28\/revisions\/537"}],"wp:attachment":[{"href":"https:\/\/genfrei-augsburg.de\/wordpress\/wp-json\/wp\/v2\/media?parent=28"}],"curies":[{"name":"wp","href":"https:\/\/api.w.org\/{rel}","templated":true}]}}