
{"id":20,"date":"2010-08-31T13:10:34","date_gmt":"2010-08-31T13:10:34","guid":{"rendered":"http:\/\/genfrei-augsburg.de\/"},"modified":"2017-06-12T06:42:03","modified_gmt":"2017-06-12T06:42:03","slug":"mitmachen","status":"publish","type":"page","link":"https:\/\/genfrei-augsburg.de\/wordpress\/mitmachen\/","title":{"rendered":"Mitmachen"},"content":{"rendered":"<table border=\"0\" cellpadding=\"10\" align=\"center\">\n<tbody>\n<tr>\n<td style=\"width: 350px;\" colspan=\"2\" valign=\"top\">\n<table border=\"0\" cellspacing=\"0\" cellpadding=\"10\">\n<tbody>\n<tr>\n<td bgcolor=\"#FFFFFF\">\n<h3>Selbstverpflichtungserkl\u00e4rung<\/h3>\n<h3>f\u00fcr Landwirte<\/h3>\n<p>Setzen Sie sich als Landwirt f\u00fcr die Umsetzung einer gentechnikfreien Region ein.\u00a0<a href=\"https:\/\/genfrei-augsburg.de\/wordpress\/wp-content\/uploads\/2011\/07\/selbstverpflichtungerklaerung_landwirte.pdf\" target=\"_blank\" rel=\"noopener noreferrer\">\u00bb download<\/a><\/p>\n<h3>Werden Sie in Ihrer Gemeinde aktiv<\/h3>\n<h4>stellen Sie einen Antrag f\u00fcr eine gentechnikfreie Kommune durch Gemeinderatsbeschlu\u00df<\/h4>\n<p>Jede Kommune kann im Gemeinderat beschlie\u00dfen, da\u00df sie auf ihren gemeindeeigenen Fl\u00e4chen keinen Anbau von gentechnisch ver\u00e4nderten Pflanzen erlaubt\u00a0und\u00a0bei der Beschaffung von Lebensmitteln f\u00fcr\u00a0gemeindliche Einrichtungen (Kinderg\u00e4rten, Verwaltung) nach M\u00f6glichkeit nur gentechnikfreie Ware beziehen will.<\/p>\n<p>Einen Antrag an den Gemeinderat kann jeder\u00a0B\u00fcrger einreichen.\u00a0Je nach \u00f6rtlicher Situation und vorhandenen Kontakten kann es aber auch sinnvoll sein, einen Gemeinderat mit einzubeziehen.<\/p>\n<p>Als Download hier die Musterbriefe und -antr\u00e4ge,\u00a0mit denen man seinen jeweiligen Gemeinderat ansprechen\/anschreiben kann.<\/p>\n<p>Melden Sie sich bei uns, wenn Sie Unterst\u00fctzung f\u00fcr IhrVorhaben brauchen!<\/p>\n<p>Mustervorlagen zum runterladen und ausf\u00fcllen:<br \/>\n<a href=\"https:\/\/genfrei-augsburg.de\/wordpress\/wp-content\/uploads\/2010\/08\/Musterbrief.doc\">Musterbrief an die Gemeinde<\/a><br \/>\n<span style=\"color: #888888;\"><a href=\"https:\/\/genfrei-augsburg.de\/wordpress\/wp-content\/uploads\/2010\/08\/Musterantrag_Gemeinderat.doc\">Musterantrag an den Gemeinderat<br \/>\n<\/a><a href=\"https:\/\/genfrei-augsburg.de\/wordpress\/wp-content\/uploads\/2010\/08\/Muster_PM.doc\">Muster einer Pressemeldung<\/a><\/span><\/td>\n<\/tr>\n<\/tbody>\n<\/table>\n<dl id=\"attachment_43\">\n<dt><\/dt>\n<\/dl>\n<\/td>\n<td style=\"width: 350px;\" valign=\"top\">\n<h3>Informieren Sie sich!<\/h3>\n<p>Wir laden sie herzlich zu unserem n\u00e4chsten Treffen ein!<\/p>\n<h3>Unterst\u00fctzen Sie Uns!<\/h3>\n<p>Engagieren Sie sich in unserem B\u00fcndnis oder unterst\u00fctzen Sie uns durch eine kleine Spende.<br \/>\nMachen Sie den ersten Schritt!<\/p>\n<h4>Nutzen Sie Ihre Macht als Verbraucher_innen!<\/h4>\n<ul>Kaufen Sie regional erzeugte Produkte und \u00e4u\u00dfern Sie ihren Wunsch nach gentechnikfreier Ware<\/p>\n<li>Fragen Sie beim Einkauf tierischer Produkte nach, ob zur F\u00fctterung der Tiere gentechnikfreies Futter verwendet wird<\/li>\n<li>\u00c4u\u00dfern Sie Ihren Unwillen gegen Agro-Gentechnik vor kommunalen Politikern und im privaten Umfeld<\/li>\n<\/ul>\n<h4>Nutzen Sie ihre Macht als Landwirt!<\/h4>\n<ul>\n<li>verwenden Sie nur gentechnikfreies Saatgut<\/li>\n<li>fragen Sie gentechnikfreies Futtermittel bei Ihren Lieferanten nach<\/li>\n<li>setzen Sie sich f\u00fcr eine Vermarktung ihrer Produkte mit dem \u201eOhne Gentechnik\u201c Siegel ein<\/li>\n<\/ul>\n<hr \/>\n<h3>Banner<\/h3>\n<p>Verlinken Sie unsere Webseite mit einem Banner auf ihrer Homepage<span style=\"font-weight: normal; font-size: 11px;\">. Vielen Dank!<\/span><\/p>\n<p><a href=\"https:\/\/genfrei-augsburg.de\/wordpress\/banner\/\"><img loading=\"lazy\" decoding=\"async\" style=\"border: 1px solid black;\" title=\"gr_half-banner\" src=\"https:\/\/genfrei-augsburg.de\/wordpress\/wp-content\/uploads\/2010\/08\/gr_half-banner.gif\" alt=\"Banner in verschiedenen Gr\u00f6\u00dfen...\" width=\"234\" height=\"60\" \/><\/a><\/p>\n<p><a href=\"https:\/\/genfrei-augsburg.de\/wordpress\/banner\/\">Banner &amp; Anleitung <\/a><\/p>\n<p>&nbsp;<\/td>\n<\/tr>\n<\/tbody>\n<\/table>\n","protected":false},"excerpt":{"rendered":"<p>Selbstverpflichtungserkl\u00e4rung f\u00fcr Landwirte Setzen Sie sich als Landwirt f\u00fcr die Umsetzung einer gentechnikfreien Region ein.\u00a0\u00bb download Werden Sie in Ihrer Gemeinde aktiv stellen Sie einen Antrag f\u00fcr eine gentechnikfreie Kommune durch Gemeinderatsbeschlu\u00df Jede Kommune kann im Gemeinderat beschlie\u00dfen, da\u00df sie auf ihren gemeindeeigenen Fl\u00e4chen keinen Anbau von gentechnisch ver\u00e4nderten Pflanzen erlaubt\u00a0und\u00a0bei der Beschaffung von Lebensmitteln [&hellip;]<\/p>\n","protected":false},"author":1,"featured_media":0,"parent":0,"menu_order":0,"comment_status":"open","ping_status":"open","template":"","meta":{"footnotes":""},"class_list":["post-20","page","type-page","status-publish","hentry"],"_links":{"self":[{"href":"https:\/\/genfrei-augsburg.de\/wordpress\/wp-json\/wp\/v2\/pages\/20","targetHints":{"allow":["GET"]}}],"collection":[{"href":"https:\/\/genfrei-augsburg.de\/wordpress\/wp-json\/wp\/v2\/pages"}],"about":[{"href":"https:\/\/genfrei-augsburg.de\/wordpress\/wp-json\/wp\/v2\/types\/page"}],"author":[{"embeddable":true,"href":"https:\/\/genfrei-augsburg.de\/wordpress\/wp-json\/wp\/v2\/users\/1"}],"replies":[{"embeddable":true,"href":"https:\/\/genfrei-augsburg.de\/wordpress\/wp-json\/wp\/v2\/comments?post=20"}],"version-history":[{"count":67,"href":"https:\/\/genfrei-augsburg.de\/wordpress\/wp-json\/wp\/v2\/pages\/20\/revisions"}],"predecessor-version":[{"id":444,"href":"https:\/\/genfrei-augsburg.de\/wordpress\/wp-json\/wp\/v2\/pages\/20\/revisions\/444"}],"wp:attachment":[{"href":"https:\/\/genfrei-augsburg.de\/wordpress\/wp-json\/wp\/v2\/media?parent=20"}],"curies":[{"name":"wp","href":"https:\/\/api.w.org\/{rel}","templated":true}]}}