
{"id":18,"date":"2010-08-31T13:10:12","date_gmt":"2010-08-31T13:10:12","guid":{"rendered":"http:\/\/genfrei-augsburg.de\/"},"modified":"2010-10-28T08:07:34","modified_gmt":"2010-10-28T08:07:34","slug":"ueberuns","status":"publish","type":"page","link":"https:\/\/genfrei-augsburg.de\/wordpress\/ueberuns\/","title":{"rendered":"\u00dcber Uns"},"content":{"rendered":"<table style=\"width: 700px;\" border=\"0\" cellpadding=\"10\" align=\"center\">\n<tbody>\n<tr>\n<td style=\"width: 300px;\" align=\"center\" valign=\"top\"><a href=\"https:\/\/genfrei-augsburg.de\/wordpress\/wp-content\/uploads\/2010\/08\/buendnispartner1.gif\"><img loading=\"lazy\" decoding=\"async\" class=\"alignnone size-full wp-image-81\" style=\"border: 1px solid black;\" title=\"buendnispartner\" src=\"https:\/\/genfrei-augsburg.de\/wordpress\/wp-content\/uploads\/2010\/08\/buendnispartner1.gif\" alt=\"\" width=\"250\" height=\"507\" \/><\/a><\/td>\n<td style=\"width: 300px;\" align=\"left\" valign=\"top\">\n<h3>B\u00fcndnis gentechnikfreie Region<br \/>\nAugsburg Stadt und Land<\/h3>\n<p>Im Dezember 2009 hat sich ein breites B\u00fcndnis von Verb\u00e4nden und NGOs zusammengeschlossen, das von der Landwirtschaft bis zum Verbraucher alle gesellschaftlichen Gruppen umfasst. Weitere B\u00fcndnispartner und interessierte Einzelpersonen auch ohne Vereinsbindung sind gerne willkommen!<\/p>\n<h3>Welche Ziele hat das B\u00fcndnis?<\/h3>\n<ul>\n<li>Solidarisches Handeln von Landwirten und Verbrauchern<\/li>\n<li>Landkreis und Stadt Augsburg sollen gentechnikfrei sein in Anbau und F\u00fctterung<\/li>\n<li>Informationen f\u00fcr Menschen aus der Region \u00fcber die Risiken der Gentechnik<\/li>\n<li>Unterst\u00fctzung von Landwirten und Unternehmen, die sich gegen den Anbau von GVOs einsetzten<\/li>\n<li>Verhinderung von \u201ePatenten auf Leben\u201c<\/li>\n<\/ul>\n<h4>Andere gentechnikfreie Regionen:<\/h4>\n<p><a href=\"http:\/\/www.gentechnikfreie-region-giessen.de\/\" target=\"_blank\">\u00bb Genfrei in Giessen <\/a><br \/>\n<a href=\"http:\/\/www.genfrei-ulm.de\/\" target=\"_blank\">\u00bb Genfrei in Ulm <\/a><br \/>\n<a href=\"http:\/\/www.aktionsbuendnis.net\/oberrhein\" target=\"_blank\">\u00bb Aktionsb\u00fcndnis Region Oberrhein <\/a><\/td>\n<\/tr>\n<\/tbody>\n<\/table>\n","protected":false},"excerpt":{"rendered":"<p>B\u00fcndnis gentechnikfreie Region Augsburg Stadt und Land Im Dezember 2009 hat sich ein breites B\u00fcndnis von Verb\u00e4nden und NGOs zusammengeschlossen, das von der Landwirtschaft bis zum Verbraucher alle gesellschaftlichen Gruppen umfasst. Weitere B\u00fcndnispartner und interessierte Einzelpersonen auch ohne Vereinsbindung sind gerne willkommen! Welche Ziele hat das B\u00fcndnis? Solidarisches Handeln von Landwirten und Verbrauchern Landkreis und [&hellip;]<\/p>\n","protected":false},"author":1,"featured_media":0,"parent":0,"menu_order":0,"comment_status":"open","ping_status":"open","template":"","meta":{"footnotes":""},"class_list":["post-18","page","type-page","status-publish","hentry"],"_links":{"self":[{"href":"https:\/\/genfrei-augsburg.de\/wordpress\/wp-json\/wp\/v2\/pages\/18","targetHints":{"allow":["GET"]}}],"collection":[{"href":"https:\/\/genfrei-augsburg.de\/wordpress\/wp-json\/wp\/v2\/pages"}],"about":[{"href":"https:\/\/genfrei-augsburg.de\/wordpress\/wp-json\/wp\/v2\/types\/page"}],"author":[{"embeddable":true,"href":"https:\/\/genfrei-augsburg.de\/wordpress\/wp-json\/wp\/v2\/users\/1"}],"replies":[{"embeddable":true,"href":"https:\/\/genfrei-augsburg.de\/wordpress\/wp-json\/wp\/v2\/comments?post=18"}],"version-history":[{"count":11,"href":"https:\/\/genfrei-augsburg.de\/wordpress\/wp-json\/wp\/v2\/pages\/18\/revisions"}],"predecessor-version":[{"id":82,"href":"https:\/\/genfrei-augsburg.de\/wordpress\/wp-json\/wp\/v2\/pages\/18\/revisions\/82"}],"wp:attachment":[{"href":"https:\/\/genfrei-augsburg.de\/wordpress\/wp-json\/wp\/v2\/media?parent=18"}],"curies":[{"name":"wp","href":"https:\/\/api.w.org\/{rel}","templated":true}]}}