
{"id":16,"date":"2010-08-31T13:08:53","date_gmt":"2010-08-31T13:08:53","guid":{"rendered":"http:\/\/genfrei-augsburg.de\/"},"modified":"2010-10-28T08:16:08","modified_gmt":"2010-10-28T08:16:08","slug":"information","status":"publish","type":"page","link":"https:\/\/genfrei-augsburg.de\/wordpress\/information\/","title":{"rendered":"Information"},"content":{"rendered":"<table style=\"width: 700px;\" border=\"0\" cellpadding=\"10\" align=\"center\">\n<tbody>\n<tr>\n<td style=\"width: 300px;\" align=\"left\" valign=\"top\">\n<h3>Gentechnikfreie Regionen sch\u00fctzen Umwelt und Menschen vor den Risiken der Gentechnik und erhalten die b\u00e4uerliche Unabh\u00e4ngigkeit, den Wert des Bodens und die biologische Vielfalt.<\/h3>\n<p>Ein erster Schritt und einfacher Weg zum Schutz vor gentechnischer Verunreinigung ist die Einrichtung m\u00f6glichst gro\u00dfr\u00e4umiger gentechnikfreier Regionen. Rechtlich m\u00f6glich ist dies auf Basis freiwilliger Vereinbarungen, welche die Landwirte miteinander abschlie\u00dfen.<\/p>\n<p>Eine Region darf sich nach den Vereinbarungen aller gentechnikfreien Regionen in Deutschland dann als gentechnkfrei erkl\u00e4ren, wenn mindestens 2\/3 aller Landbesitzer eines Bezugsraumes ihren verbindlichen Verzicht auf Anbau und\/oder F\u00fctterung erkl\u00e4rt haben. Letztlich kommt es also auf die Bauern an!<\/p>\n<p style=\"text-align: justify;\">Die Gentechnik ist eine Risikotechnologie, deren Folgen f\u00fcr Natur, Umwelt und den Menschen nie mehr r\u00fcckholbar sind.<\/p>\n<h5>Negative Folgen sind:<\/h5>\n<ul>\n<li>deutlich erh\u00f6hter Herbizid- und Insektizideindatz anstelle der verhei\u00dfenen Reduzierung<\/li>\n<li>Entstehung resistenter Superunkr\u00e4uter<\/li>\n<li>Abh\u00e4ngigkeit von Konzernmacht und Patenten auf Leben<\/li>\n<li>Koexistenz ist in unserer kleinstrukturierten Kulturlandschaft nicht m\u00f6glich: eine unkontrollierbare Verbreitung der Gentechnik durch Auskreuzung, Wind, Bienen w\u00e4re die Folge<\/li>\n<li>Konflikte entstehen auf den D\u00f6rfern durch Rechts- und Haftungsstreitigkeiten<\/li>\n<li>die Auswirkungen auf die menschliche Gesundheit (Zellver\u00e4nderungen bei Labortieren, Entstehung von Allergien) sind nicht unabh\u00e4ngig erforscht, wir sind unfreiwillig Teil eines weltweiten Gro\u00dfversuchs<\/li>\n<\/ul>\n<\/td>\n<td style=\"width: 300px;\" align=\"left\" valign=\"top\"><a href=\"https:\/\/genfrei-augsburg.de\/wordpress\/wp-content\/uploads\/2010\/08\/foto_jana.jpg\"><img loading=\"lazy\" decoding=\"async\" style=\"border: 1px solid black;\" title=\"Sonnenblume_und_Biene\" src=\"https:\/\/genfrei-augsburg.de\/wordpress\/wp-content\/uploads\/2010\/08\/foto_jana.jpg\" alt=\"Foto von Jana Linzenkirchner\" width=\"300\" height=\"166\" \/><\/a><span style=\"color: #888888;\">Foto \u00a9 Jana Linzenkirchner<\/span><\/p>\n<h4>Unsere Strategie zielt auf die drei Ebenen: Verbraucher, Bauern, Politik<\/h4>\n<p><span style=\"color: #000000;\"><strong>1. Verbraucher:<\/strong><\/span><strong> <\/strong>umfassende Information zu den Risiken der Gentechnik und Erh\u00f6hung der Nachfrage nach gvo-freien Produkten zu einem fairen Preis<br \/>\n<strong> 2. Bauern:<\/strong><em> <\/em>m\u00f6glichst viele Bauern gewinnen, die in unserer Region auch k\u00fcnftig keine gentechnisch ver\u00e4nderten Pflanzen anbauen wollen und bei der F\u00fctterung ihrer Tiere nur gentechnikfreie Futtermittel verwenden. \u00dcber Selbstverpflichtungserkl\u00e4rungen und freiwillige Vereinbarungen soll dieser Wille verbindlich dokumentiert werden.<br \/>\n<strong> 3. Politik:<\/strong> Die regionalen politischen Vertreter sollen wissen, dass die Mehrheit auch der Augsburger Bev\u00f6lkerung in Stadt und Land diese Risikotechnologie ablehnt. Der Druck f\u00fcr gesetzgeberische Initiativen auf Landes- Bundes \u2013 und EU kann dadurch deutlich erh\u00f6ht werden.<\/p>\n<h5>Weitere Infos zum Thema<\/h5>\n<p><span style=\"font-weight: normal; font-size: 11px;\"><a href=\"http:\/\/www.gentechnikfreie-regionen.de\/\"> www.gentechnikfreie-regionen.de<\/a><\/span><br \/>\n<span style=\"font-weight: normal; font-size: 11px;\"><a href=\"http:\/\/www.keine-gentechnik.de\/\">www.keine-gentechnik.de<\/a><\/span><br \/>\n<a href=\"http:\/\/www.faire-nachbarschaft.de\/\">www.faire-nachbarschaft.de\/<\/a><br \/>\n<a href=\"http:\/\/www.gen-ethisches-netzwerk.de\/\">www.gen-ethisches-netzwerk.de\/<\/a><br \/>\n<cite><a href=\"http:\/\/www.zivilcourage.ro\/\">www.zivilcourage.ro<\/a><\/cite><\/td>\n<\/tr>\n<\/tbody>\n<\/table>\n","protected":false},"excerpt":{"rendered":"<p>Gentechnikfreie Regionen sch\u00fctzen Umwelt und Menschen vor den Risiken der Gentechnik und erhalten die b\u00e4uerliche Unabh\u00e4ngigkeit, den Wert des Bodens und die biologische Vielfalt. Ein erster Schritt und einfacher Weg zum Schutz vor gentechnischer Verunreinigung ist die Einrichtung m\u00f6glichst gro\u00dfr\u00e4umiger gentechnikfreier Regionen. Rechtlich m\u00f6glich ist dies auf Basis freiwilliger Vereinbarungen, welche die Landwirte miteinander abschlie\u00dfen. [&hellip;]<\/p>\n","protected":false},"author":1,"featured_media":0,"parent":0,"menu_order":0,"comment_status":"open","ping_status":"open","template":"","meta":{"footnotes":""},"class_list":["post-16","page","type-page","status-publish","hentry"],"_links":{"self":[{"href":"https:\/\/genfrei-augsburg.de\/wordpress\/wp-json\/wp\/v2\/pages\/16","targetHints":{"allow":["GET"]}}],"collection":[{"href":"https:\/\/genfrei-augsburg.de\/wordpress\/wp-json\/wp\/v2\/pages"}],"about":[{"href":"https:\/\/genfrei-augsburg.de\/wordpress\/wp-json\/wp\/v2\/types\/page"}],"author":[{"embeddable":true,"href":"https:\/\/genfrei-augsburg.de\/wordpress\/wp-json\/wp\/v2\/users\/1"}],"replies":[{"embeddable":true,"href":"https:\/\/genfrei-augsburg.de\/wordpress\/wp-json\/wp\/v2\/comments?post=16"}],"version-history":[{"count":26,"href":"https:\/\/genfrei-augsburg.de\/wordpress\/wp-json\/wp\/v2\/pages\/16\/revisions"}],"predecessor-version":[{"id":249,"href":"https:\/\/genfrei-augsburg.de\/wordpress\/wp-json\/wp\/v2\/pages\/16\/revisions\/249"}],"wp:attachment":[{"href":"https:\/\/genfrei-augsburg.de\/wordpress\/wp-json\/wp\/v2\/media?parent=16"}],"curies":[{"name":"wp","href":"https:\/\/api.w.org\/{rel}","templated":true}]}}