
{"id":12,"date":"2010-08-31T12:41:49","date_gmt":"2010-08-31T12:41:49","guid":{"rendered":"http:\/\/genfrei-augsburg.de\/"},"modified":"2010-10-28T09:31:17","modified_gmt":"2010-10-28T09:31:17","slug":"start","status":"publish","type":"page","link":"https:\/\/genfrei-augsburg.de\/wordpress\/","title":{"rendered":"Willkommen!"},"content":{"rendered":"<table border=\"0\" cellpadding=\"10\" align=\"center\">\n<tbody>\n<tr>\n<td valign=\"top\">\n<h3>B\u00fcndnis f\u00fcr eine gentechnikfreie Region Augsburg Stadt und Land<\/h3>\n<p><img loading=\"lazy\" decoding=\"async\" class=\"alignnone size-full wp-image-197\" style=\"margin-top: 5px; margin-bottom: 5px; border: 1px solid black;\" title=\"augsburg1\" src=\"https:\/\/genfrei-augsburg.de\/wordpress\/wp-content\/uploads\/2010\/08\/augsburg1.jpg\" alt=\"\" width=\"270\" height=\"180\" \/><\/td>\n<td style=\"width: 600px;\" align=\"left\" valign=\"bottom\">Das B\u00fcndnis setzt sich ein f\u00fcr den Verzicht auf den Anbau und die Verwendung gentechnisch ver\u00e4nderter Futtermittel und verfolgt das Ziel, den Landkreis und das Stadtgebiet Augsburg zu einer gentechnikfreien Region zu machen.<\/p>\n<p><script src=\"http:\/\/www.keine-gentechnik.de\/ticker.js\" type=\"text\/javascript\"><\/script><\/td>\n<\/tr>\n<\/tbody>\n<\/table>\n","protected":false},"excerpt":{"rendered":"<p>B\u00fcndnis f\u00fcr eine gentechnikfreie Region Augsburg Stadt und Land Das B\u00fcndnis setzt sich ein f\u00fcr den Verzicht auf den Anbau und die Verwendung gentechnisch ver\u00e4nderter Futtermittel und verfolgt das Ziel, den Landkreis und das Stadtgebiet Augsburg zu einer gentechnikfreien Region zu machen.<\/p>\n","protected":false},"author":1,"featured_media":0,"parent":0,"menu_order":0,"comment_status":"open","ping_status":"closed","template":"","meta":{"footnotes":""},"class_list":["post-12","page","type-page","status-publish","hentry"],"_links":{"self":[{"href":"https:\/\/genfrei-augsburg.de\/wordpress\/wp-json\/wp\/v2\/pages\/12","targetHints":{"allow":["GET"]}}],"collection":[{"href":"https:\/\/genfrei-augsburg.de\/wordpress\/wp-json\/wp\/v2\/pages"}],"about":[{"href":"https:\/\/genfrei-augsburg.de\/wordpress\/wp-json\/wp\/v2\/types\/page"}],"author":[{"embeddable":true,"href":"https:\/\/genfrei-augsburg.de\/wordpress\/wp-json\/wp\/v2\/users\/1"}],"replies":[{"embeddable":true,"href":"https:\/\/genfrei-augsburg.de\/wordpress\/wp-json\/wp\/v2\/comments?post=12"}],"version-history":[{"count":20,"href":"https:\/\/genfrei-augsburg.de\/wordpress\/wp-json\/wp\/v2\/pages\/12\/revisions"}],"predecessor-version":[{"id":261,"href":"https:\/\/genfrei-augsburg.de\/wordpress\/wp-json\/wp\/v2\/pages\/12\/revisions\/261"}],"wp:attachment":[{"href":"https:\/\/genfrei-augsburg.de\/wordpress\/wp-json\/wp\/v2\/media?parent=12"}],"curies":[{"name":"wp","href":"https:\/\/api.w.org\/{rel}","templated":true}]}}